{"id":1728,"date":"2025-05-28T13:48:08","date_gmt":"2025-05-28T19:48:08","guid":{"rendered":"https:\/\/legacysafeguarduniversity.com\/?post_type=product&#038;p=1728"},"modified":"2025-08-05T20:23:02","modified_gmt":"2025-08-06T02:23:02","slug":"folleto-legacy-safeguard-apple-wallet","status":"publish","type":"product","link":"https:\/\/legacysafeguarduniversity.com\/es\/shop\/folleto-legacy-safeguard-apple-wallet\/","title":{"rendered":"Folleto Legacy Safeguard Apple Wallet"},"content":{"rendered":"<p>A\u00f1ade tu tarjeta de socio de Legacy Safeguard a la Apple Wallet de tu iPhone para acceder f\u00e1cil y c\u00f3modamente a la informaci\u00f3n de tu membres\u00eda.<\/p>\n","protected":false},"excerpt":{"rendered":"<p>A\u00f1ade tu tarjeta de socio de Legacy Safeguard a la Apple Wallet de tu iPhone para acceder f\u00e1cil y c\u00f3modamente a la informaci\u00f3n de tu membres\u00eda. [&#8230;]<\/p>\n<p><a class=\"btn btn-secondary understrap-read-more-link\" href=\"https:\/\/legacysafeguarduniversity.com\/es\/shop\/folleto-legacy-safeguard-apple-wallet\/\">Leer m\u00e1s&#8230;<\/a><\/p>\n","protected":false},"featured_media":0,"template":"","meta":{"_acf_changed":false,"inline_featured_image":false},"product_brand":[],"product_cat":[],"product_tag":[],"class_list":{"0":"post-1728","1":"product","2":"type-product","3":"status-publish","6":"first","7":"instock","8":"downloadable","9":"virtual","10":"purchasable","11":"product-type-simple"},"acf":[],"_links":{"self":[{"href":"https:\/\/legacysafeguarduniversity.com\/es\/wp-json\/wp\/v2\/product\/1728","targetHints":{"allow":["GET"]}}],"collection":[{"href":"https:\/\/legacysafeguarduniversity.com\/es\/wp-json\/wp\/v2\/product"}],"about":[{"href":"https:\/\/legacysafeguarduniversity.com\/es\/wp-json\/wp\/v2\/types\/product"}],"wp:attachment":[{"href":"https:\/\/legacysafeguarduniversity.com\/es\/wp-json\/wp\/v2\/media?parent=1728"}],"wp:term":[{"taxonomy":"product_brand","embeddable":true,"href":"https:\/\/legacysafeguarduniversity.com\/es\/wp-json\/wp\/v2\/product_brand?post=1728"},{"taxonomy":"product_cat","embeddable":true,"href":"https:\/\/legacysafeguarduniversity.com\/es\/wp-json\/wp\/v2\/product_cat?post=1728"},{"taxonomy":"product_tag","embeddable":true,"href":"https:\/\/legacysafeguarduniversity.com\/es\/wp-json\/wp\/v2\/product_tag?post=1728"}],"curies":[{"name":"wp","href":"https:\/\/api.w.org\/{rel}","templated":true}]}}