{"id":1732,"date":"2024-05-28T14:12:24","date_gmt":"2024-05-28T20:12:24","guid":{"rendered":"https:\/\/legacysafeguarduniversity.com\/?post_type=product&#038;p=1732"},"modified":"2025-08-06T13:54:35","modified_gmt":"2025-08-06T19:54:35","slug":"folleto-para-consumidores","status":"publish","type":"product","link":"https:\/\/legacysafeguarduniversity.com\/es\/shop\/folleto-para-consumidores\/","title":{"rendered":"Folleto para consumidores"},"content":{"rendered":"<p>Desc\u00e1rgate el folleto que aparece a continuaci\u00f3n para ayudar a tus clientes a conocer y consultar f\u00e1cilmente las ventajas de Legacy Safeguard que tienen a su disposici\u00f3n.<\/p>\n","protected":false},"excerpt":{"rendered":"<p>Desc\u00e1rgate el folleto que aparece a continuaci\u00f3n para ayudar a tus clientes a conocer y consultar f\u00e1cilmente las ventajas de Legacy Safeguard que tienen a su disposici\u00f3n. [&#8230;]<\/p>\n<p><a class=\"btn btn-secondary understrap-read-more-link\" href=\"https:\/\/legacysafeguarduniversity.com\/es\/shop\/folleto-para-consumidores\/\">Leer m\u00e1s&#8230;<\/a><\/p>\n","protected":false},"featured_media":0,"template":"","meta":{"_acf_changed":false,"inline_featured_image":false},"product_brand":[],"product_cat":[],"product_tag":[],"class_list":{"0":"post-1732","1":"product","2":"type-product","3":"status-publish","6":"first","7":"instock","8":"downloadable","9":"shipping-taxable","10":"product-type-simple"},"acf":[],"_links":{"self":[{"href":"https:\/\/legacysafeguarduniversity.com\/es\/wp-json\/wp\/v2\/product\/1732","targetHints":{"allow":["GET"]}}],"collection":[{"href":"https:\/\/legacysafeguarduniversity.com\/es\/wp-json\/wp\/v2\/product"}],"about":[{"href":"https:\/\/legacysafeguarduniversity.com\/es\/wp-json\/wp\/v2\/types\/product"}],"wp:attachment":[{"href":"https:\/\/legacysafeguarduniversity.com\/es\/wp-json\/wp\/v2\/media?parent=1732"}],"wp:term":[{"taxonomy":"product_brand","embeddable":true,"href":"https:\/\/legacysafeguarduniversity.com\/es\/wp-json\/wp\/v2\/product_brand?post=1732"},{"taxonomy":"product_cat","embeddable":true,"href":"https:\/\/legacysafeguarduniversity.com\/es\/wp-json\/wp\/v2\/product_cat?post=1732"},{"taxonomy":"product_tag","embeddable":true,"href":"https:\/\/legacysafeguarduniversity.com\/es\/wp-json\/wp\/v2\/product_tag?post=1732"}],"curies":[{"name":"wp","href":"https:\/\/api.w.org\/{rel}","templated":true}]}}