{"id":1736,"date":"2024-05-28T13:51:38","date_gmt":"2024-05-28T19:51:38","guid":{"rendered":"https:\/\/legacysafeguarduniversity.com\/?post_type=product&#038;p=1736"},"modified":"2025-08-05T15:30:17","modified_gmt":"2025-08-05T21:30:17","slug":"folleto-para-agentes","status":"publish","type":"product","link":"https:\/\/legacysafeguarduniversity.com\/es\/shop\/folleto-para-agentes\/","title":{"rendered":"Folleto para agentes"},"content":{"rendered":"<p>En el folleto que figura a continuaci\u00f3n encontrar\u00e1s instrucciones sencillas, paso a paso, sobre c\u00f3mo inscribirte t\u00fa y tus clientes.<\/p>\n","protected":false},"excerpt":{"rendered":"<p>En el folleto que figura a continuaci\u00f3n encontrar\u00e1s instrucciones sencillas, paso a paso, sobre c\u00f3mo inscribirte t\u00fa y tus clientes. [&#8230;]<\/p>\n<p><a class=\"btn btn-secondary understrap-read-more-link\" href=\"https:\/\/legacysafeguarduniversity.com\/es\/shop\/folleto-para-agentes\/\">Leer m\u00e1s&#8230;<\/a><\/p>\n","protected":false},"featured_media":0,"template":"","meta":{"_acf_changed":false,"inline_featured_image":false},"product_brand":[],"product_cat":[],"product_tag":[],"class_list":{"0":"post-1736","1":"product","2":"type-product","3":"status-publish","6":"first","7":"instock","8":"downloadable","9":"shipping-taxable","10":"purchasable","11":"product-type-simple"},"acf":[],"_links":{"self":[{"href":"https:\/\/legacysafeguarduniversity.com\/es\/wp-json\/wp\/v2\/product\/1736","targetHints":{"allow":["GET"]}}],"collection":[{"href":"https:\/\/legacysafeguarduniversity.com\/es\/wp-json\/wp\/v2\/product"}],"about":[{"href":"https:\/\/legacysafeguarduniversity.com\/es\/wp-json\/wp\/v2\/types\/product"}],"wp:attachment":[{"href":"https:\/\/legacysafeguarduniversity.com\/es\/wp-json\/wp\/v2\/media?parent=1736"}],"wp:term":[{"taxonomy":"product_brand","embeddable":true,"href":"https:\/\/legacysafeguarduniversity.com\/es\/wp-json\/wp\/v2\/product_brand?post=1736"},{"taxonomy":"product_cat","embeddable":true,"href":"https:\/\/legacysafeguarduniversity.com\/es\/wp-json\/wp\/v2\/product_cat?post=1736"},{"taxonomy":"product_tag","embeddable":true,"href":"https:\/\/legacysafeguarduniversity.com\/es\/wp-json\/wp\/v2\/product_tag?post=1736"}],"curies":[{"name":"wp","href":"https:\/\/api.w.org\/{rel}","templated":true}]}}