{"id":1741,"date":"2024-01-12T23:29:28","date_gmt":"2024-01-12T23:29:28","guid":{"rendered":"https:\/\/legacysafeguarduniversity.com\/?post_type=product&#038;p=1741"},"modified":"2025-08-20T10:42:49","modified_gmt":"2025-08-20T16:42:49","slug":"etiqueta-para-correo-electronico","status":"publish","type":"product","link":"https:\/\/legacysafeguarduniversity.com\/es\/shop\/etiqueta-para-correo-electronico\/","title":{"rendered":"Etiqueta para correo electr\u00f3nico"},"content":{"rendered":"<p>A\u00f1ade una etiqueta de Legacy Safeguard en la firma de tu correo electr\u00f3nico para ayudar a iniciar la conversaci\u00f3n con tus clientes.<\/p>\n","protected":false},"excerpt":{"rendered":"<p>A\u00f1ade una etiqueta de Legacy Safeguard en la firma de tu correo electr\u00f3nico para ayudar a iniciar la conversaci\u00f3n con tus clientes. [&#8230;]<\/p>\n<p><a class=\"btn btn-secondary understrap-read-more-link\" href=\"https:\/\/legacysafeguarduniversity.com\/es\/shop\/etiqueta-para-correo-electronico\/\">Leer m\u00e1s&#8230;<\/a><\/p>\n","protected":false},"featured_media":0,"template":"","meta":{"_acf_changed":false,"inline_featured_image":false},"product_brand":[],"product_cat":[],"product_tag":[],"class_list":{"0":"post-1741","1":"product","2":"type-product","3":"status-publish","6":"first","7":"instock","8":"downloadable","9":"shipping-taxable","10":"product-type-simple"},"acf":[],"_links":{"self":[{"href":"https:\/\/legacysafeguarduniversity.com\/es\/wp-json\/wp\/v2\/product\/1741","targetHints":{"allow":["GET"]}}],"collection":[{"href":"https:\/\/legacysafeguarduniversity.com\/es\/wp-json\/wp\/v2\/product"}],"about":[{"href":"https:\/\/legacysafeguarduniversity.com\/es\/wp-json\/wp\/v2\/types\/product"}],"wp:attachment":[{"href":"https:\/\/legacysafeguarduniversity.com\/es\/wp-json\/wp\/v2\/media?parent=1741"}],"wp:term":[{"taxonomy":"product_brand","embeddable":true,"href":"https:\/\/legacysafeguarduniversity.com\/es\/wp-json\/wp\/v2\/product_brand?post=1741"},{"taxonomy":"product_cat","embeddable":true,"href":"https:\/\/legacysafeguarduniversity.com\/es\/wp-json\/wp\/v2\/product_cat?post=1741"},{"taxonomy":"product_tag","embeddable":true,"href":"https:\/\/legacysafeguarduniversity.com\/es\/wp-json\/wp\/v2\/product_tag?post=1741"}],"curies":[{"name":"wp","href":"https:\/\/api.w.org\/{rel}","templated":true}]}}