{"id":1742,"date":"2024-01-12T23:22:37","date_gmt":"2024-01-13T06:22:37","guid":{"rendered":"https:\/\/legacysafeguarduniversity.com\/?post_type=product&#038;p=1742"},"modified":"2025-08-20T11:05:10","modified_gmt":"2025-08-20T17:05:10","slug":"correo-electronico","status":"publish","type":"product","link":"https:\/\/legacysafeguarduniversity.com\/es\/shop\/correo-electronico\/","title":{"rendered":"Correo electr\u00f3nico"},"content":{"rendered":"<p>El correo electr\u00f3nico es una forma estupenda de presentar Legacy Safeguard a tus clientes actuales. Haz clic a continuaci\u00f3n para descargar ejemplos de correos electr\u00f3nicos e im\u00e1genes que puedes utilizar en tu propio sistema de correo electr\u00f3nico para compartirlos con tus clientes. <\/p>\n","protected":false},"excerpt":{"rendered":"<p>El correo electr\u00f3nico es una forma estupenda de presentar Legacy Safeguard a tus clientes actuales. Haz clic a continuaci\u00f3n para descargar ejemplos de correos electr\u00f3nicos e im\u00e1genes que puedes utilizar en tu propio sistema de correo electr\u00f3nico para compartirlos con tus clientes. [&#8230;]<\/p>\n<p><a class=\"btn btn-secondary understrap-read-more-link\" href=\"https:\/\/legacysafeguarduniversity.com\/es\/shop\/correo-electronico\/\">Leer m\u00e1s&#8230;<\/a><\/p>\n","protected":false},"featured_media":0,"template":"","meta":{"_acf_changed":false,"inline_featured_image":false},"product_brand":[],"product_cat":[],"product_tag":[],"class_list":{"0":"post-1742","1":"product","2":"type-product","3":"status-publish","6":"first","7":"instock","8":"shipping-taxable","9":"purchasable","10":"product-type-simple"},"acf":[],"_links":{"self":[{"href":"https:\/\/legacysafeguarduniversity.com\/es\/wp-json\/wp\/v2\/product\/1742","targetHints":{"allow":["GET"]}}],"collection":[{"href":"https:\/\/legacysafeguarduniversity.com\/es\/wp-json\/wp\/v2\/product"}],"about":[{"href":"https:\/\/legacysafeguarduniversity.com\/es\/wp-json\/wp\/v2\/types\/product"}],"wp:attachment":[{"href":"https:\/\/legacysafeguarduniversity.com\/es\/wp-json\/wp\/v2\/media?parent=1742"}],"wp:term":[{"taxonomy":"product_brand","embeddable":true,"href":"https:\/\/legacysafeguarduniversity.com\/es\/wp-json\/wp\/v2\/product_brand?post=1742"},{"taxonomy":"product_cat","embeddable":true,"href":"https:\/\/legacysafeguarduniversity.com\/es\/wp-json\/wp\/v2\/product_cat?post=1742"},{"taxonomy":"product_tag","embeddable":true,"href":"https:\/\/legacysafeguarduniversity.com\/es\/wp-json\/wp\/v2\/product_tag?post=1742"}],"curies":[{"name":"wp","href":"https:\/\/api.w.org\/{rel}","templated":true}]}}