{"id":1747,"date":"2022-03-30T20:14:39","date_gmt":"2022-03-31T02:14:39","guid":{"rendered":"https:\/\/legacysafeguarduniversity.com\/?post_type=product&#038;p=1747"},"modified":"2025-08-05T17:39:31","modified_gmt":"2025-08-05T23:39:31","slug":"presentacion-al-consumidor","status":"publish","type":"product","link":"https:\/\/legacysafeguarduniversity.com\/es\/shop\/presentacion-al-consumidor\/","title":{"rendered":"Presentaci\u00f3n al consumidor"},"content":{"rendered":"<p>Utiliza la presentaci\u00f3n para consumidores que aparece a continuaci\u00f3n para conocer las ventajas de ser miembro de Legacy Safeguard y c\u00f3mo puede beneficiar a tu cliente.  <\/p>\n","protected":false},"excerpt":{"rendered":"<p>Utiliza la presentaci\u00f3n para consumidores que aparece a continuaci\u00f3n para conocer las ventajas de ser miembro de Legacy Safeguard y c\u00f3mo puede beneficiar a tu cliente. [&#8230;]<\/p>\n<p><a class=\"btn btn-secondary understrap-read-more-link\" href=\"https:\/\/legacysafeguarduniversity.com\/es\/shop\/presentacion-al-consumidor\/\">Leer m\u00e1s&#8230;<\/a><\/p>\n","protected":false},"featured_media":1535,"template":"","meta":{"_acf_changed":false,"inline_featured_image":false},"product_brand":[],"product_cat":[],"product_tag":[],"class_list":{"0":"post-1747","1":"product","2":"type-product","3":"status-publish","4":"has-post-thumbnail","7":"first","8":"instock","9":"downloadable","10":"shipping-taxable","11":"product-type-simple"},"acf":[],"_links":{"self":[{"href":"https:\/\/legacysafeguarduniversity.com\/es\/wp-json\/wp\/v2\/product\/1747","targetHints":{"allow":["GET"]}}],"collection":[{"href":"https:\/\/legacysafeguarduniversity.com\/es\/wp-json\/wp\/v2\/product"}],"about":[{"href":"https:\/\/legacysafeguarduniversity.com\/es\/wp-json\/wp\/v2\/types\/product"}],"wp:featuredmedia":[{"embeddable":true,"href":"https:\/\/legacysafeguarduniversity.com\/es\/wp-json\/wp\/v2\/media\/1535"}],"wp:attachment":[{"href":"https:\/\/legacysafeguarduniversity.com\/es\/wp-json\/wp\/v2\/media?parent=1747"}],"wp:term":[{"taxonomy":"product_brand","embeddable":true,"href":"https:\/\/legacysafeguarduniversity.com\/es\/wp-json\/wp\/v2\/product_brand?post=1747"},{"taxonomy":"product_cat","embeddable":true,"href":"https:\/\/legacysafeguarduniversity.com\/es\/wp-json\/wp\/v2\/product_cat?post=1747"},{"taxonomy":"product_tag","embeddable":true,"href":"https:\/\/legacysafeguarduniversity.com\/es\/wp-json\/wp\/v2\/product_tag?post=1747"}],"curies":[{"name":"wp","href":"https:\/\/api.w.org\/{rel}","templated":true}]}}