{"id":1748,"date":"2021-12-06T21:28:27","date_gmt":"2021-12-07T04:28:27","guid":{"rendered":"https:\/\/legacysafeguarduniversity.com\/?post_type=product&#038;p=1748"},"modified":"2025-08-03T20:53:22","modified_gmt":"2025-08-04T02:53:22","slug":"guia-para-ganar-referidos","status":"publish","type":"product","link":"https:\/\/legacysafeguarduniversity.com\/es\/shop\/guia-para-ganar-referidos\/","title":{"rendered":"Gu\u00eda para ganar referidos"},"content":{"rendered":"<p>Aprende valiosas herramientas que te ayudar\u00e1n a ganar referidos y a hacer crecer tu negocio en la gu\u00eda que encontrar\u00e1s a continuaci\u00f3n.<\/p>\n","protected":false},"excerpt":{"rendered":"<p>Aprende valiosas herramientas que te ayudar\u00e1n a ganar referidos y a hacer crecer tu negocio en la gu\u00eda que encontrar\u00e1s a continuaci\u00f3n. [&#8230;]<\/p>\n<p><a class=\"btn btn-secondary understrap-read-more-link\" href=\"https:\/\/legacysafeguarduniversity.com\/es\/shop\/guia-para-ganar-referidos\/\">Leer m\u00e1s&#8230;<\/a><\/p>\n","protected":false},"featured_media":1545,"template":"","meta":{"_acf_changed":false,"inline_featured_image":false},"product_brand":[],"product_cat":[],"product_tag":[],"class_list":{"0":"post-1748","1":"product","2":"type-product","3":"status-publish","4":"has-post-thumbnail","7":"first","8":"instock","9":"downloadable","10":"shipping-taxable","11":"product-type-simple"},"acf":[],"_links":{"self":[{"href":"https:\/\/legacysafeguarduniversity.com\/es\/wp-json\/wp\/v2\/product\/1748","targetHints":{"allow":["GET"]}}],"collection":[{"href":"https:\/\/legacysafeguarduniversity.com\/es\/wp-json\/wp\/v2\/product"}],"about":[{"href":"https:\/\/legacysafeguarduniversity.com\/es\/wp-json\/wp\/v2\/types\/product"}],"wp:featuredmedia":[{"embeddable":true,"href":"https:\/\/legacysafeguarduniversity.com\/es\/wp-json\/wp\/v2\/media\/1545"}],"wp:attachment":[{"href":"https:\/\/legacysafeguarduniversity.com\/es\/wp-json\/wp\/v2\/media?parent=1748"}],"wp:term":[{"taxonomy":"product_brand","embeddable":true,"href":"https:\/\/legacysafeguarduniversity.com\/es\/wp-json\/wp\/v2\/product_brand?post=1748"},{"taxonomy":"product_cat","embeddable":true,"href":"https:\/\/legacysafeguarduniversity.com\/es\/wp-json\/wp\/v2\/product_cat?post=1748"},{"taxonomy":"product_tag","embeddable":true,"href":"https:\/\/legacysafeguarduniversity.com\/es\/wp-json\/wp\/v2\/product_tag?post=1748"}],"curies":[{"name":"wp","href":"https:\/\/api.w.org\/{rel}","templated":true}]}}