{"id":1762,"date":"2021-11-11T20:21:21","date_gmt":"2021-11-12T03:21:21","guid":{"rendered":"https:\/\/legacysafeguarduniversity.com\/?post_type=product&#038;p=1762"},"modified":"2025-08-03T21:00:22","modified_gmt":"2025-08-04T03:00:22","slug":"archivo-de-planificacion-de-legacy-safeguard","status":"publish","type":"product","link":"https:\/\/legacysafeguarduniversity.com\/es\/shop\/archivo-de-planificacion-de-legacy-safeguard\/","title":{"rendered":"Archivo de planificaci\u00f3n de Legacy Safeguard"},"content":{"rendered":"<p>Ayuda a tus clientes a reducir la confusi\u00f3n y el estr\u00e9s de sus seres queridos reuniendo sus \u00faltimas voluntades y los recursos de planificaci\u00f3n funeraria en un solo lugar. Descarga hoy mismo el Archivo de planificaci\u00f3n del legado para tus clientes. <\/p>\n","protected":false},"excerpt":{"rendered":"<p>Ayuda a tus clientes a reducir la confusi\u00f3n y el estr\u00e9s de sus seres queridos reuniendo sus \u00faltimas voluntades y los recursos de planificaci\u00f3n funeraria en un solo lugar. Descarga hoy mismo el Archivo de planificaci\u00f3n del legado para tus clientes. [&#8230;]<\/p>\n<p><a class=\"btn btn-secondary understrap-read-more-link\" href=\"https:\/\/legacysafeguarduniversity.com\/es\/shop\/archivo-de-planificacion-de-legacy-safeguard\/\">Leer m\u00e1s&#8230;<\/a><\/p>\n","protected":false},"featured_media":1541,"template":"","meta":{"_acf_changed":false,"inline_featured_image":false},"product_brand":[],"product_cat":[],"product_tag":[],"class_list":{"0":"post-1762","1":"product","2":"type-product","3":"status-publish","4":"has-post-thumbnail","7":"first","8":"instock","9":"downloadable","10":"virtual","11":"purchasable","12":"product-type-simple"},"acf":[],"_links":{"self":[{"href":"https:\/\/legacysafeguarduniversity.com\/es\/wp-json\/wp\/v2\/product\/1762","targetHints":{"allow":["GET"]}}],"collection":[{"href":"https:\/\/legacysafeguarduniversity.com\/es\/wp-json\/wp\/v2\/product"}],"about":[{"href":"https:\/\/legacysafeguarduniversity.com\/es\/wp-json\/wp\/v2\/types\/product"}],"wp:featuredmedia":[{"embeddable":true,"href":"https:\/\/legacysafeguarduniversity.com\/es\/wp-json\/wp\/v2\/media\/1541"}],"wp:attachment":[{"href":"https:\/\/legacysafeguarduniversity.com\/es\/wp-json\/wp\/v2\/media?parent=1762"}],"wp:term":[{"taxonomy":"product_brand","embeddable":true,"href":"https:\/\/legacysafeguarduniversity.com\/es\/wp-json\/wp\/v2\/product_brand?post=1762"},{"taxonomy":"product_cat","embeddable":true,"href":"https:\/\/legacysafeguarduniversity.com\/es\/wp-json\/wp\/v2\/product_cat?post=1762"},{"taxonomy":"product_tag","embeddable":true,"href":"https:\/\/legacysafeguarduniversity.com\/es\/wp-json\/wp\/v2\/product_tag?post=1762"}],"curies":[{"name":"wp","href":"https:\/\/api.w.org\/{rel}","templated":true}]}}