{"id":1765,"date":"2021-11-11T20:21:20","date_gmt":"2021-11-12T03:21:20","guid":{"rendered":"https:\/\/legacysafeguarduniversity.com\/?post_type=product&#038;p=1765"},"modified":"2025-08-06T13:20:20","modified_gmt":"2025-08-06T19:20:20","slug":"guia-completa-para-ofrecer-legacy-safeguard","status":"publish","type":"product","link":"https:\/\/legacysafeguarduniversity.com\/es\/shop\/guia-completa-para-ofrecer-legacy-safeguard\/","title":{"rendered":"Gu\u00eda completa para ofrecer Legacy Safeguard"},"content":{"rendered":"<p>Todo lo que necesitas, desde \u201cfijar la cita\u201d hasta pasos hacia el \u00e9xito, todo ello envuelto en la completa gu\u00eda que encontrar\u00e1s a continuaci\u00f3n. \u00a1Desc\u00e1rgatela hoy para iniciar tu viaje hacia el \u00e9xito! <\/p>\n","protected":false},"excerpt":{"rendered":"<p>Todo lo que necesitas, desde \u201cfijar la cita\u201d hasta pasos hacia el \u00e9xito, todo ello envuelto en la completa gu\u00eda que encontrar\u00e1s a continuaci\u00f3n. \u00a1Desc\u00e1rgatela hoy para iniciar tu viaje hacia el \u00e9xito! [&#8230;]<\/p>\n<p><a class=\"btn btn-secondary understrap-read-more-link\" href=\"https:\/\/legacysafeguarduniversity.com\/es\/shop\/guia-completa-para-ofrecer-legacy-safeguard\/\">Leer m\u00e1s&#8230;<\/a><\/p>\n","protected":false},"featured_media":1573,"template":"","meta":{"_acf_changed":false,"inline_featured_image":false},"product_brand":[],"product_cat":[],"product_tag":[],"class_list":{"0":"post-1765","1":"product","2":"type-product","3":"status-publish","4":"has-post-thumbnail","7":"first","8":"instock","9":"downloadable","10":"shipping-taxable","11":"purchasable","12":"product-type-simple"},"acf":[],"_links":{"self":[{"href":"https:\/\/legacysafeguarduniversity.com\/es\/wp-json\/wp\/v2\/product\/1765","targetHints":{"allow":["GET"]}}],"collection":[{"href":"https:\/\/legacysafeguarduniversity.com\/es\/wp-json\/wp\/v2\/product"}],"about":[{"href":"https:\/\/legacysafeguarduniversity.com\/es\/wp-json\/wp\/v2\/types\/product"}],"wp:featuredmedia":[{"embeddable":true,"href":"https:\/\/legacysafeguarduniversity.com\/es\/wp-json\/wp\/v2\/media\/1573"}],"wp:attachment":[{"href":"https:\/\/legacysafeguarduniversity.com\/es\/wp-json\/wp\/v2\/media?parent=1765"}],"wp:term":[{"taxonomy":"product_brand","embeddable":true,"href":"https:\/\/legacysafeguarduniversity.com\/es\/wp-json\/wp\/v2\/product_brand?post=1765"},{"taxonomy":"product_cat","embeddable":true,"href":"https:\/\/legacysafeguarduniversity.com\/es\/wp-json\/wp\/v2\/product_cat?post=1765"},{"taxonomy":"product_tag","embeddable":true,"href":"https:\/\/legacysafeguarduniversity.com\/es\/wp-json\/wp\/v2\/product_tag?post=1765"}],"curies":[{"name":"wp","href":"https:\/\/api.w.org\/{rel}","templated":true}]}}